{"id":663,"date":"2022-03-10T15:23:43","date_gmt":"2022-03-10T14:23:43","guid":{"rendered":"https:\/\/decoparisblog.com\/?page_id=663"},"modified":"2022-03-10T15:23:45","modified_gmt":"2022-03-10T14:23:45","slug":"blog-2","status":"publish","type":"page","link":"http:\/\/decoparisblog.com\/index.php\/blog-2\/","title":{"rendered":"Blog"},"content":{"rendered":"\n<p>Retrouvez toutes les actualit\u00e9s sur D\u00e9co Paris blog ici on discute de tout ( Design, architecture, d\u00e9coration, High-Tech, derni\u00e8re tendance..).<\/p>\n\n\n\n<p>Bienvenue et Bonne lecture !<\/p>\n","protected":false},"excerpt":{"rendered":"<p>Retrouvez toutes les actualit\u00e9s sur D\u00e9co Paris blog ici on discute de tout ( Design, architecture, d\u00e9coration, High-Tech, derni\u00e8re tendance..). Bienvenue et Bonne lecture !<\/p>\n","protected":false},"author":3,"featured_media":0,"parent":0,"menu_order":1,"comment_status":"closed","ping_status":"closed","template":"","meta":{"sfsi_plus_gutenberg_text_before_share":"","sfsi_plus_gutenberg_show_text_before_share":"","sfsi_plus_gutenberg_icon_type":"","sfsi_plus_gutenberg_icon_alignemt":"","sfsi_plus_gutenburg_max_per_row":"","_mi_skip_tracking":false},"_links":{"self":[{"href":"http:\/\/decoparisblog.com\/index.php\/wp-json\/wp\/v2\/pages\/663"}],"collection":[{"href":"http:\/\/decoparisblog.com\/index.php\/wp-json\/wp\/v2\/pages"}],"about":[{"href":"http:\/\/decoparisblog.com\/index.php\/wp-json\/wp\/v2\/types\/page"}],"author":[{"embeddable":true,"href":"http:\/\/decoparisblog.com\/index.php\/wp-json\/wp\/v2\/users\/3"}],"replies":[{"embeddable":true,"href":"http:\/\/decoparisblog.com\/index.php\/wp-json\/wp\/v2\/comments?post=663"}],"version-history":[{"count":0,"href":"http:\/\/decoparisblog.com\/index.php\/wp-json\/wp\/v2\/pages\/663\/revisions"}],"wp:attachment":[{"href":"http:\/\/decoparisblog.com\/index.php\/wp-json\/wp\/v2\/media?parent=663"}],"curies":[{"name":"wp","href":"https:\/\/api.w.org\/{rel}","templated":true}]}}