{"id":7,"date":"2017-11-07T20:38:19","date_gmt":"2017-11-07T19:38:19","guid":{"rendered":"http:\/\/decoparisblog.com\/?page_id=7"},"modified":"2022-03-10T15:15:23","modified_gmt":"2022-03-10T14:15:23","slug":"page-daccueil","status":"publish","type":"page","link":"https:\/\/decoparisblog.com\/index.php\/page-daccueil\/","title":{"rendered":"Acceuil"},"content":{"rendered":"<p><strong>Bienvenue sur votre site ! C&#8217;est votre page d&#8217;accueil que vos visiteurs verront \u00e0 leur arriv\u00e9e sur votre site la premi\u00e8re fois<\/strong>.<\/p>\n","protected":false},"excerpt":{"rendered":"<p>Bienvenue sur votre site ! C&#8217;est votre page d&#8217;accueil que vos visiteurs verront \u00e0 leur arriv\u00e9e sur votre site la premi\u00e8re fois.<\/p>\n","protected":false},"author":1,"featured_media":0,"parent":0,"menu_order":0,"comment_status":"closed","ping_status":"closed","template":"","meta":{"sfsi_plus_gutenberg_text_before_share":"","sfsi_plus_gutenberg_show_text_before_share":"","sfsi_plus_gutenberg_icon_type":"","sfsi_plus_gutenberg_icon_alignemt":"","sfsi_plus_gutenburg_max_per_row":"","_mi_skip_tracking":false},"_links":{"self":[{"href":"https:\/\/decoparisblog.com\/index.php\/wp-json\/wp\/v2\/pages\/7"}],"collection":[{"href":"https:\/\/decoparisblog.com\/index.php\/wp-json\/wp\/v2\/pages"}],"about":[{"href":"https:\/\/decoparisblog.com\/index.php\/wp-json\/wp\/v2\/types\/page"}],"author":[{"embeddable":true,"href":"https:\/\/decoparisblog.com\/index.php\/wp-json\/wp\/v2\/users\/1"}],"replies":[{"embeddable":true,"href":"https:\/\/decoparisblog.com\/index.php\/wp-json\/wp\/v2\/comments?post=7"}],"version-history":[{"count":0,"href":"https:\/\/decoparisblog.com\/index.php\/wp-json\/wp\/v2\/pages\/7\/revisions"}],"wp:attachment":[{"href":"https:\/\/decoparisblog.com\/index.php\/wp-json\/wp\/v2\/media?parent=7"}],"curies":[{"name":"wp","href":"https:\/\/api.w.org\/{rel}","templated":true}]}}